{"id":1117,"date":"2023-11-30T10:49:11","date_gmt":"2023-11-30T09:49:11","guid":{"rendered":"https:\/\/www.mejoratudeuda.es\/home\/"},"modified":"2023-11-30T10:49:32","modified_gmt":"2023-11-30T09:49:32","slug":"home","status":"publish","type":"page","link":"https:\/\/www.mejoratudeuda.es\/en\/home\/","title":{"rendered":"home"},"content":{"rendered":"<div data-elementor-type=\"wp-page\" data-elementor-id=\"1117\" class=\"elementor elementor-1117\" data-elementor-post-type=\"page\">\n\t\t\t\t\t\t<section class=\"elementor-section elementor-top-section elementor-element elementor-element-33e1bfd6 elementor-section-height-min-height elementor-section-boxed elementor-section-height-default elementor-section-items-middle\" data-id=\"33e1bfd6\" data-element_type=\"section\" data-settings=\"{&quot;background_background&quot;:&quot;classic&quot;}\">\n\t\t\t\t\t\t\t<div class=\"elementor-background-overlay\"><\/div>\n\t\t\t\t\t\t\t<div class=\"elementor-container elementor-column-gap-wider\">\n\t\t\t\t\t<div class=\"elementor-column elementor-col-50 elementor-top-column elementor-element elementor-element-14b3584d\" data-id=\"14b3584d\" data-element_type=\"column\">\n\t\t\t<div class=\"elementor-widget-wrap elementor-element-populated\">\n\t\t\t\t\t\t<div class=\"elementor-element elementor-element-1406d60d elementor-widget elementor-widget-spacer\" data-id=\"1406d60d\" data-element_type=\"widget\" data-widget_type=\"spacer.default\">\n\t\t\t\t<div class=\"elementor-widget-container\">\n\t\t\t\t\t\t\t<div class=\"elementor-spacer\">\n\t\t\t<div class=\"elementor-spacer-inner\"><\/div>\n\t\t<\/div>\n\t\t\t\t\t\t<\/div>\n\t\t\t\t<\/div>\n\t\t\t\t<div class=\"elementor-element elementor-element-50501a63 elementor-widget elementor-widget-heading\" data-id=\"50501a63\" data-element_type=\"widget\" data-widget_type=\"heading.default\">\n\t\t\t\t<div class=\"elementor-widget-container\">\n\t\t\t\t\t<h2 class=\"elementor-heading-title elementor-size-default\">Get your money back<\/h2>\t\t\t\t<\/div>\n\t\t\t\t<\/div>\n\t\t\t\t<div class=\"elementor-element elementor-element-649bc217 elementor-icon-list--layout-traditional elementor-list-item-link-full_width elementor-widget elementor-widget-icon-list\" data-id=\"649bc217\" data-element_type=\"widget\" data-widget_type=\"icon-list.default\">\n\t\t\t\t<div class=\"elementor-widget-container\">\n\t\t\t\t\t\t\t<ul class=\"elementor-icon-list-items\">\n\t\t\t\t\t\t\t<li class=\"elementor-icon-list-item\">\n\t\t\t\t\t\t\t\t\t\t\t<span class=\"elementor-icon-list-icon\">\n\t\t\t\t\t\t\t<i aria-hidden=\"true\" class=\"fas fa-check\"><\/i>\t\t\t\t\t\t<\/span>\n\t\t\t\t\t\t\t\t\t\t<span class=\"elementor-icon-list-text\">Book a free phone consultation and tell us your story <\/span>\n\t\t\t\t\t\t\t\t\t<\/li>\n\t\t\t\t\t\t\t\t<li class=\"elementor-icon-list-item\">\n\t\t\t\t\t\t\t\t\t\t\t<span class=\"elementor-icon-list-icon\">\n\t\t\t\t\t\t\t<i aria-hidden=\"true\" class=\"fas fa-check\"><\/i>\t\t\t\t\t\t<\/span>\n\t\t\t\t\t\t\t\t\t\t<span class=\"elementor-icon-list-text\">Send us the documentation or we will request it for you<\/span>\n\t\t\t\t\t\t\t\t\t<\/li>\n\t\t\t\t\t\t\t\t<li class=\"elementor-icon-list-item\">\n\t\t\t\t\t\t\t\t\t\t\t<span class=\"elementor-icon-list-icon\">\n\t\t\t\t\t\t\t<i aria-hidden=\"true\" class=\"fas fa-check\"><\/i>\t\t\t\t\t\t<\/span>\n\t\t\t\t\t\t\t\t\t\t<span class=\"elementor-icon-list-text\">We help you get your money back! <\/span>\n\t\t\t\t\t\t\t\t\t<\/li>\n\t\t\t\t\t\t<\/ul>\n\t\t\t\t\t\t<\/div>\n\t\t\t\t<\/div>\n\t\t\t\t<div class=\"elementor-element elementor-element-44c98e9f elementor-align-left elementor-widget elementor-widget-button\" data-id=\"44c98e9f\" data-element_type=\"widget\" data-widget_type=\"button.default\">\n\t\t\t\t<div class=\"elementor-widget-container\">\n\t\t\t\t\t\t\t\t\t<div class=\"elementor-button-wrapper\">\n\t\t\t\t\t<a class=\"elementor-button elementor-button-link elementor-size-sm\" href=\"https:\/\/www.mejoratudeuda.es\/en\/contact\/\">\n\t\t\t\t\t\t<span class=\"elementor-button-content-wrapper\">\n\t\t\t\t\t\t\t\t\t<span class=\"elementor-button-text\">Contact us<\/span>\n\t\t\t\t\t<\/span>\n\t\t\t\t\t<\/a>\n\t\t\t\t<\/div>\n\t\t\t\t\t\t\t\t<\/div>\n\t\t\t\t<\/div>\n\t\t\t\t<div class=\"elementor-element elementor-element-431dd2f5 elementor-widget elementor-widget-spacer\" data-id=\"431dd2f5\" data-element_type=\"widget\" data-widget_type=\"spacer.default\">\n\t\t\t\t<div class=\"elementor-widget-container\">\n\t\t\t\t\t\t\t<div class=\"elementor-spacer\">\n\t\t\t<div class=\"elementor-spacer-inner\"><\/div>\n\t\t<\/div>\n\t\t\t\t\t\t<\/div>\n\t\t\t\t<\/div>\n\t\t\t\t\t<\/div>\n\t\t<\/div>\n\t\t\t\t<div class=\"elementor-column elementor-col-50 elementor-top-column elementor-element elementor-element-b5aca77\" data-id=\"b5aca77\" data-element_type=\"column\">\n\t\t\t<div class=\"elementor-widget-wrap elementor-element-populated\">\n\t\t\t\t\t\t<div class=\"elementor-element elementor-element-11fd54b2 elementor-widget elementor-widget-video\" data-id=\"11fd54b2\" data-element_type=\"widget\" data-settings=\"{&quot;video_type&quot;:&quot;hosted&quot;,&quot;controls&quot;:&quot;yes&quot;}\" data-widget_type=\"video.default\">\n\t\t\t\t<div class=\"elementor-widget-container\">\n\t\t\t\t\t\t\t<div class=\"e-hosted-video elementor-wrapper elementor-open-inline\">\n\t\t\t\t\t<video class=\"elementor-video\" src=\"https:\/\/mejoratudeuda.es\/wp-content\/uploads\/Deudas_Final-1080p-210112.mp4\" controls=\"\" preload=\"metadata\" controlslist=\"nodownload\" poster=\"https:\/\/www.mejoratudeuda.es\/wp-content\/uploads\/2023\/11\/cuotas.png\"><\/video>\n\t\t\t\t<\/div>\n\t\t\t\t\t\t<\/div>\n\t\t\t\t<\/div>\n\t\t\t\t\t<\/div>\n\t\t<\/div>\n\t\t\t\t\t<\/div>\n\t\t<\/section>\n\t\t\t\t<section class=\"elementor-section elementor-top-section elementor-element elementor-element-23ecb166 elementor-section-boxed elementor-section-height-default elementor-section-height-default\" data-id=\"23ecb166\" data-element_type=\"section\" data-settings=\"{&quot;background_background&quot;:&quot;classic&quot;}\">\n\t\t\t\t\t\t<div class=\"elementor-container elementor-column-gap-no\">\n\t\t\t\t\t<div class=\"elementor-column elementor-col-100 elementor-top-column elementor-element elementor-element-5fdbf15e\" data-id=\"5fdbf15e\" data-element_type=\"column\">\n\t\t\t<div class=\"elementor-widget-wrap elementor-element-populated\">\n\t\t\t\t\t\t<section class=\"elementor-section elementor-inner-section elementor-element elementor-element-72844313 elementor-section-content-middle elementor-section-boxed elementor-section-height-default elementor-section-height-default\" data-id=\"72844313\" data-element_type=\"section\">\n\t\t\t\t\t\t<div class=\"elementor-container elementor-column-gap-wider\">\n\t\t\t\t\t<div class=\"elementor-column elementor-col-50 elementor-inner-column elementor-element elementor-element-5b9ba6f5\" data-id=\"5b9ba6f5\" data-element_type=\"column\">\n\t\t\t<div class=\"elementor-widget-wrap elementor-element-populated\">\n\t\t\t\t\t\t<div class=\"elementor-element elementor-element-746d733b elementor-widget elementor-widget-heading\" data-id=\"746d733b\" data-element_type=\"widget\" data-widget_type=\"heading.default\">\n\t\t\t\t<div class=\"elementor-widget-container\">\n\t\t\t\t\t<h2 class=\"elementor-heading-title elementor-size-default\">Satisfaction guaranteed.<\/h2>\t\t\t\t<\/div>\n\t\t\t\t<\/div>\n\t\t\t\t<div class=\"elementor-element elementor-element-6c1ef48e elementor-widget elementor-widget-text-editor\" data-id=\"6c1ef48e\" data-element_type=\"widget\" data-widget_type=\"text-editor.default\">\n\t\t\t\t<div class=\"elementor-widget-container\">\n\t\t\t\t\t\t\t\t\t<p>We are sure of our success and that we will be able to help you, that we do not charge anything until we get your money back or we manage to reduce your debt.<\/p><p>That is, we only get paid if you win.<\/p>\t\t\t\t\t\t\t\t<\/div>\n\t\t\t\t<\/div>\n\t\t\t\t\t<\/div>\n\t\t<\/div>\n\t\t\t\t<div class=\"elementor-column elementor-col-50 elementor-inner-column elementor-element elementor-element-6ed867f3\" data-id=\"6ed867f3\" data-element_type=\"column\">\n\t\t\t<div class=\"elementor-widget-wrap elementor-element-populated\">\n\t\t\t\t\t\t<div class=\"elementor-element elementor-element-5cacc1 elementor-widget elementor-widget-image\" data-id=\"5cacc1\" data-element_type=\"widget\" data-widget_type=\"image.default\">\n\t\t\t\t<div class=\"elementor-widget-container\">\n\t\t\t\t\t\t\t\t\t\t\t\t\t\t\t<img fetchpriority=\"high\" decoding=\"async\" width=\"800\" height=\"531\" src=\"https:\/\/www.mejoratudeuda.es\/wp-content\/uploads\/2023\/11\/familia-feliz-scaled-1-1024x680.jpg\" class=\"attachment-large size-large wp-image-1122\" alt=\"\" srcset=\"https:\/\/www.mejoratudeuda.es\/wp-content\/uploads\/2023\/11\/familia-feliz-scaled-1-1024x680.jpg 1024w, https:\/\/www.mejoratudeuda.es\/wp-content\/uploads\/2023\/11\/familia-feliz-scaled-1-300x199.jpg 300w, https:\/\/www.mejoratudeuda.es\/wp-content\/uploads\/2023\/11\/familia-feliz-scaled-1-768x510.jpg 768w, https:\/\/www.mejoratudeuda.es\/wp-content\/uploads\/2023\/11\/familia-feliz-scaled-1-1536x1020.jpg 1536w, https:\/\/www.mejoratudeuda.es\/wp-content\/uploads\/2023\/11\/familia-feliz-scaled-1.jpg 1920w, https:\/\/www.mejoratudeuda.es\/wp-content\/uploads\/2023\/11\/familia-feliz-scaled-1-18x12.jpg 18w\" sizes=\"(max-width: 800px) 100vw, 800px\" \/>\t\t\t\t\t\t\t\t\t\t\t\t\t\t\t<\/div>\n\t\t\t\t<\/div>\n\t\t\t\t\t<\/div>\n\t\t<\/div>\n\t\t\t\t\t<\/div>\n\t\t<\/section>\n\t\t\t\t\t<\/div>\n\t\t<\/div>\n\t\t\t\t\t<\/div>\n\t\t<\/section>\n\t\t\t\t<section class=\"elementor-section elementor-top-section elementor-element elementor-element-1d3f6832 elementor-section-boxed elementor-section-height-default elementor-section-height-default\" data-id=\"1d3f6832\" data-element_type=\"section\" data-settings=\"{&quot;background_background&quot;:&quot;classic&quot;}\">\n\t\t\t\t\t\t<div class=\"elementor-container elementor-column-gap-no\">\n\t\t\t\t\t<div class=\"elementor-column elementor-col-100 elementor-top-column elementor-element elementor-element-1f5ac630\" data-id=\"1f5ac630\" data-element_type=\"column\">\n\t\t\t<div class=\"elementor-widget-wrap elementor-element-populated\">\n\t\t\t\t\t\t<section class=\"elementor-section elementor-inner-section elementor-element elementor-element-4abf50f1 elementor-section-content-space-around elementor-section-height-min-height elementor-section-boxed elementor-section-height-default\" data-id=\"4abf50f1\" data-element_type=\"section\">\n\t\t\t\t\t\t<div class=\"elementor-container elementor-column-gap-wider\">\n\t\t\t\t\t<div class=\"elementor-column elementor-col-50 elementor-inner-column elementor-element elementor-element-70d63de6\" data-id=\"70d63de6\" data-element_type=\"column\" data-settings=\"{&quot;background_background&quot;:&quot;classic&quot;}\">\n\t\t\t<div class=\"elementor-widget-wrap elementor-element-populated\">\n\t\t\t\t\t\t<div class=\"elementor-element elementor-element-739d6290 elementor-widget elementor-widget-heading\" data-id=\"739d6290\" data-element_type=\"widget\" data-widget_type=\"heading.default\">\n\t\t\t\t<div class=\"elementor-widget-container\">\n\t\t\t\t\t<h2 class=\"elementor-heading-title elementor-size-default\">DO YOU WANT A CONSULTATION WITHOUT COMMITMENT?<\/h2>\t\t\t\t<\/div>\n\t\t\t\t<\/div>\n\t\t\t\t<div class=\"elementor-element elementor-element-705b3ba7 elementor-widget elementor-widget-heading\" data-id=\"705b3ba7\" data-element_type=\"widget\" data-widget_type=\"heading.default\">\n\t\t\t\t<div class=\"elementor-widget-container\">\n\t\t\t\t\t<h2 class=\"elementor-heading-title elementor-size-default\">BOOK A FREE PHONE CONSULTATION<\/h2>\t\t\t\t<\/div>\n\t\t\t\t<\/div>\n\t\t\t\t<div class=\"elementor-element elementor-element-6ea032c4 elementor-align-center elementor-widget elementor-widget-button\" data-id=\"6ea032c4\" data-element_type=\"widget\" data-widget_type=\"button.default\">\n\t\t\t\t<div class=\"elementor-widget-container\">\n\t\t\t\t\t\t\t\t\t<div class=\"elementor-button-wrapper\">\n\t\t\t\t\t<a class=\"elementor-button elementor-button-link elementor-size-sm\" href=\"https:\/\/www.mejoratudeuda.es\/en\/contact\/\">\n\t\t\t\t\t\t<span class=\"elementor-button-content-wrapper\">\n\t\t\t\t\t\t\t\t\t<span class=\"elementor-button-text\">FREE 15 minute consultation<\/span>\n\t\t\t\t\t<\/span>\n\t\t\t\t\t<\/a>\n\t\t\t\t<\/div>\n\t\t\t\t\t\t\t\t<\/div>\n\t\t\t\t<\/div>\n\t\t\t\t\t<\/div>\n\t\t<\/div>\n\t\t\t\t<div class=\"elementor-column elementor-col-50 elementor-inner-column elementor-element elementor-element-6c346c14\" data-id=\"6c346c14\" data-element_type=\"column\" data-settings=\"{&quot;background_background&quot;:&quot;classic&quot;}\">\n\t\t\t<div class=\"elementor-widget-wrap elementor-element-populated\">\n\t\t\t\t\t\t<div class=\"elementor-element elementor-element-216e802e elementor-widget elementor-widget-image\" data-id=\"216e802e\" data-element_type=\"widget\" data-widget_type=\"image.default\">\n\t\t\t\t<div class=\"elementor-widget-container\">\n\t\t\t\t\t\t\t\t\t\t\t\t\t\t\t<img decoding=\"async\" width=\"800\" height=\"534\" src=\"https:\/\/www.mejoratudeuda.es\/wp-content\/uploads\/2023\/11\/dunamis-church-y_kiawhp8gc-unsplash-1024x683.jpg\" class=\"attachment-large size-large wp-image-1123\" alt=\"\" srcset=\"https:\/\/www.mejoratudeuda.es\/wp-content\/uploads\/2023\/11\/dunamis-church-y_kiawhp8gc-unsplash-1024x683.jpg 1024w, https:\/\/www.mejoratudeuda.es\/wp-content\/uploads\/2023\/11\/dunamis-church-y_kiawhp8gc-unsplash-300x200.jpg 300w, https:\/\/www.mejoratudeuda.es\/wp-content\/uploads\/2023\/11\/dunamis-church-y_kiawhp8gc-unsplash-768x512.jpg 768w, https:\/\/www.mejoratudeuda.es\/wp-content\/uploads\/2023\/11\/dunamis-church-y_kiawhp8gc-unsplash-1536x1024.jpg 1536w, https:\/\/www.mejoratudeuda.es\/wp-content\/uploads\/2023\/11\/dunamis-church-y_kiawhp8gc-unsplash-18x12.jpg 18w, https:\/\/www.mejoratudeuda.es\/wp-content\/uploads\/2023\/11\/dunamis-church-y_kiawhp8gc-unsplash.jpg 1920w\" sizes=\"(max-width: 800px) 100vw, 800px\" \/>\t\t\t\t\t\t\t\t\t\t\t\t\t\t\t<\/div>\n\t\t\t\t<\/div>\n\t\t\t\t\t<\/div>\n\t\t<\/div>\n\t\t\t\t\t<\/div>\n\t\t<\/section>\n\t\t\t\t\t<\/div>\n\t\t<\/div>\n\t\t\t\t\t<\/div>\n\t\t<\/section>\n\t\t\t\t<\/div>","protected":false},"excerpt":{"rendered":"<p>Recupera tu Dinero Reserva una consulta telef\u00f3nica gratuita y cu\u00e9ntanos tu historia M\u00e1ndanos la documentaci\u00f3n o la solicitamos por ti \u00a1Te ayudamos a recuperar tu dinero! Contacta con Nosotros https:\/\/mejoratudeuda.es\/wp-content\/uploads\/Deudas_Final-1080p-210112.mp4 Satisfacci\u00f3n garantizada. Estamos seguros de nuestro \u00e9xito y de que vamos a poder ayudarte, que no cobramos nada hasta que consigamos que recuperes tu dinero [&hellip;]<\/p>","protected":false},"author":4,"featured_media":1126,"parent":0,"menu_order":1,"comment_status":"closed","ping_status":"closed","template":"","meta":{"_joinchat":[],"footnotes":""},"class_list":["post-1117","page","type-page","status-publish","has-post-thumbnail","hentry"],"yoast_head":"<!-- This site is optimized with the Yoast SEO plugin v24.4 - https:\/\/yoast.com\/wordpress\/plugins\/seo\/ -->\n<title>Home | Mejora tu deuda<\/title>\n<meta name=\"robots\" content=\"index, follow, max-snippet:-1, max-image-preview:large, max-video-preview:-1\" \/>\n<link rel=\"canonical\" href=\"https:\/\/www.mejoratudeuda.es\/en\/home\/\" \/>\n<meta property=\"og:locale\" content=\"en_US\" \/>\n<meta property=\"og:type\" content=\"article\" \/>\n<meta property=\"og:title\" content=\"Home | Mejora tu deuda\" \/>\n<meta property=\"og:description\" content=\"Recupera tu Dinero Reserva una consulta telef\u00f3nica gratuita y cu\u00e9ntanos tu historia M\u00e1ndanos la documentaci\u00f3n o la solicitamos por ti \u00a1Te ayudamos a recuperar tu dinero! Contacta con Nosotros https:\/\/mejoratudeuda.es\/wp-content\/uploads\/Deudas_Final-1080p-210112.mp4 Satisfacci\u00f3n garantizada. Estamos seguros de nuestro \u00e9xito y de que vamos a poder ayudarte, que no cobramos nada hasta que consigamos que recuperes tu dinero [&hellip;]\" \/>\n<meta property=\"og:url\" content=\"https:\/\/www.mejoratudeuda.es\/en\/home\/\" \/>\n<meta property=\"og:site_name\" content=\"Mejora tu deuda\" \/>\n<meta property=\"article:modified_time\" content=\"2023-11-30T09:49:32+00:00\" \/>\n<meta property=\"og:image\" content=\"https:\/\/www.mejoratudeuda.es\/wp-content\/uploads\/2023\/11\/sincerely-media-ngrfkmtwv24-unsplash-8.jpg\" \/>\n\t<meta property=\"og:image:width\" content=\"1920\" \/>\n\t<meta property=\"og:image:height\" content=\"1440\" \/>\n\t<meta property=\"og:image:type\" content=\"image\/jpeg\" \/>\n<meta name=\"twitter:card\" content=\"summary_large_image\" \/>\n<script type=\"application\/ld+json\" class=\"yoast-schema-graph\">{\"@context\":\"https:\/\/schema.org\",\"@graph\":[{\"@type\":\"WebPage\",\"@id\":\"https:\/\/www.mejoratudeuda.es\/home\/\",\"url\":\"https:\/\/www.mejoratudeuda.es\/home\/\",\"name\":\"Home | Mejora tu deuda\",\"isPartOf\":{\"@id\":\"https:\/\/www.mejoratudeuda.es\/#website\"},\"primaryImageOfPage\":{\"@id\":\"https:\/\/www.mejoratudeuda.es\/home\/#primaryimage\"},\"image\":{\"@id\":\"https:\/\/www.mejoratudeuda.es\/home\/#primaryimage\"},\"thumbnailUrl\":\"https:\/\/www.mejoratudeuda.es\/wp-content\/uploads\/2023\/11\/sincerely-media-ngrfkmtwv24-unsplash-8.jpg\",\"datePublished\":\"2023-11-30T09:49:11+00:00\",\"dateModified\":\"2023-11-30T09:49:32+00:00\",\"breadcrumb\":{\"@id\":\"https:\/\/www.mejoratudeuda.es\/home\/#breadcrumb\"},\"inLanguage\":\"en-US\",\"potentialAction\":[{\"@type\":\"ReadAction\",\"target\":[\"https:\/\/www.mejoratudeuda.es\/home\/\"]}]},{\"@type\":\"ImageObject\",\"inLanguage\":\"en-US\",\"@id\":\"https:\/\/www.mejoratudeuda.es\/home\/#primaryimage\",\"url\":\"https:\/\/www.mejoratudeuda.es\/wp-content\/uploads\/2023\/11\/sincerely-media-ngrfkmtwv24-unsplash-8.jpg\",\"contentUrl\":\"https:\/\/www.mejoratudeuda.es\/wp-content\/uploads\/2023\/11\/sincerely-media-ngrfkmtwv24-unsplash-8.jpg\",\"width\":1920,\"height\":1440},{\"@type\":\"BreadcrumbList\",\"@id\":\"https:\/\/www.mejoratudeuda.es\/home\/#breadcrumb\",\"itemListElement\":[{\"@type\":\"ListItem\",\"position\":1,\"name\":\"Inicio\",\"item\":\"https:\/\/www.mejoratudeuda.es\/\"},{\"@type\":\"ListItem\",\"position\":2,\"name\":\"Home\"}]},{\"@type\":\"WebSite\",\"@id\":\"https:\/\/www.mejoratudeuda.es\/#website\",\"url\":\"https:\/\/www.mejoratudeuda.es\/\",\"name\":\"Mejora tu deuda\",\"description\":\"Tu reclamador de derechos\",\"publisher\":{\"@id\":\"https:\/\/www.mejoratudeuda.es\/#organization\"},\"potentialAction\":[{\"@type\":\"SearchAction\",\"target\":{\"@type\":\"EntryPoint\",\"urlTemplate\":\"https:\/\/www.mejoratudeuda.es\/?s={search_term_string}\"},\"query-input\":{\"@type\":\"PropertyValueSpecification\",\"valueRequired\":true,\"valueName\":\"search_term_string\"}}],\"inLanguage\":\"en-US\"},{\"@type\":\"Organization\",\"@id\":\"https:\/\/www.mejoratudeuda.es\/#organization\",\"name\":\"Mejora tu deuda\",\"url\":\"https:\/\/www.mejoratudeuda.es\/\",\"logo\":{\"@type\":\"ImageObject\",\"inLanguage\":\"en-US\",\"@id\":\"https:\/\/www.mejoratudeuda.es\/#\/schema\/logo\/image\/\",\"url\":\"https:\/\/www.mejoratudeuda.es\/wp-content\/uploads\/2024\/02\/logo-mejora-tu-deuda-1.svg\",\"contentUrl\":\"https:\/\/www.mejoratudeuda.es\/wp-content\/uploads\/2024\/02\/logo-mejora-tu-deuda-1.svg\",\"width\":1505,\"height\":664,\"caption\":\"Mejora tu deuda\"},\"image\":{\"@id\":\"https:\/\/www.mejoratudeuda.es\/#\/schema\/logo\/image\/\"}}]}<\/script>\n<!-- \/ Yoast SEO plugin. -->","yoast_head_json":{"title":"Home | Mejora tu deuda","robots":{"index":"index","follow":"follow","max-snippet":"max-snippet:-1","max-image-preview":"max-image-preview:large","max-video-preview":"max-video-preview:-1"},"canonical":"https:\/\/www.mejoratudeuda.es\/en\/home\/","og_locale":"en_US","og_type":"article","og_title":"Home | Mejora tu deuda","og_description":"Recupera tu Dinero Reserva una consulta telef\u00f3nica gratuita y cu\u00e9ntanos tu historia M\u00e1ndanos la documentaci\u00f3n o la solicitamos por ti \u00a1Te ayudamos a recuperar tu dinero! Contacta con Nosotros https:\/\/mejoratudeuda.es\/wp-content\/uploads\/Deudas_Final-1080p-210112.mp4 Satisfacci\u00f3n garantizada. Estamos seguros de nuestro \u00e9xito y de que vamos a poder ayudarte, que no cobramos nada hasta que consigamos que recuperes tu dinero [&hellip;]","og_url":"https:\/\/www.mejoratudeuda.es\/en\/home\/","og_site_name":"Mejora tu deuda","article_modified_time":"2023-11-30T09:49:32+00:00","og_image":[{"width":1920,"height":1440,"url":"https:\/\/www.mejoratudeuda.es\/wp-content\/uploads\/2023\/11\/sincerely-media-ngrfkmtwv24-unsplash-8.jpg","type":"image\/jpeg"}],"twitter_card":"summary_large_image","schema":{"@context":"https:\/\/schema.org","@graph":[{"@type":"WebPage","@id":"https:\/\/www.mejoratudeuda.es\/home\/","url":"https:\/\/www.mejoratudeuda.es\/home\/","name":"Home | Mejora tu deuda","isPartOf":{"@id":"https:\/\/www.mejoratudeuda.es\/#website"},"primaryImageOfPage":{"@id":"https:\/\/www.mejoratudeuda.es\/home\/#primaryimage"},"image":{"@id":"https:\/\/www.mejoratudeuda.es\/home\/#primaryimage"},"thumbnailUrl":"https:\/\/www.mejoratudeuda.es\/wp-content\/uploads\/2023\/11\/sincerely-media-ngrfkmtwv24-unsplash-8.jpg","datePublished":"2023-11-30T09:49:11+00:00","dateModified":"2023-11-30T09:49:32+00:00","breadcrumb":{"@id":"https:\/\/www.mejoratudeuda.es\/home\/#breadcrumb"},"inLanguage":"en-US","potentialAction":[{"@type":"ReadAction","target":["https:\/\/www.mejoratudeuda.es\/home\/"]}]},{"@type":"ImageObject","inLanguage":"en-US","@id":"https:\/\/www.mejoratudeuda.es\/home\/#primaryimage","url":"https:\/\/www.mejoratudeuda.es\/wp-content\/uploads\/2023\/11\/sincerely-media-ngrfkmtwv24-unsplash-8.jpg","contentUrl":"https:\/\/www.mejoratudeuda.es\/wp-content\/uploads\/2023\/11\/sincerely-media-ngrfkmtwv24-unsplash-8.jpg","width":1920,"height":1440},{"@type":"BreadcrumbList","@id":"https:\/\/www.mejoratudeuda.es\/home\/#breadcrumb","itemListElement":[{"@type":"ListItem","position":1,"name":"Inicio","item":"https:\/\/www.mejoratudeuda.es\/"},{"@type":"ListItem","position":2,"name":"Home"}]},{"@type":"WebSite","@id":"https:\/\/www.mejoratudeuda.es\/#website","url":"https:\/\/www.mejoratudeuda.es\/","name":"Mejora tu deuda","description":"Tu reclamador de derechos","publisher":{"@id":"https:\/\/www.mejoratudeuda.es\/#organization"},"potentialAction":[{"@type":"SearchAction","target":{"@type":"EntryPoint","urlTemplate":"https:\/\/www.mejoratudeuda.es\/?s={search_term_string}"},"query-input":{"@type":"PropertyValueSpecification","valueRequired":true,"valueName":"search_term_string"}}],"inLanguage":"en-US"},{"@type":"Organization","@id":"https:\/\/www.mejoratudeuda.es\/#organization","name":"Mejora tu deuda","url":"https:\/\/www.mejoratudeuda.es\/","logo":{"@type":"ImageObject","inLanguage":"en-US","@id":"https:\/\/www.mejoratudeuda.es\/#\/schema\/logo\/image\/","url":"https:\/\/www.mejoratudeuda.es\/wp-content\/uploads\/2024\/02\/logo-mejora-tu-deuda-1.svg","contentUrl":"https:\/\/www.mejoratudeuda.es\/wp-content\/uploads\/2024\/02\/logo-mejora-tu-deuda-1.svg","width":1505,"height":664,"caption":"Mejora tu deuda"},"image":{"@id":"https:\/\/www.mejoratudeuda.es\/#\/schema\/logo\/image\/"}}]}},"_links":{"self":[{"href":"https:\/\/www.mejoratudeuda.es\/en\/wp-json\/wp\/v2\/pages\/1117","targetHints":{"allow":["GET"]}}],"collection":[{"href":"https:\/\/www.mejoratudeuda.es\/en\/wp-json\/wp\/v2\/pages"}],"about":[{"href":"https:\/\/www.mejoratudeuda.es\/en\/wp-json\/wp\/v2\/types\/page"}],"author":[{"embeddable":true,"href":"https:\/\/www.mejoratudeuda.es\/en\/wp-json\/wp\/v2\/users\/4"}],"replies":[{"embeddable":true,"href":"https:\/\/www.mejoratudeuda.es\/en\/wp-json\/wp\/v2\/comments?post=1117"}],"version-history":[{"count":4,"href":"https:\/\/www.mejoratudeuda.es\/en\/wp-json\/wp\/v2\/pages\/1117\/revisions"}],"predecessor-version":[{"id":1162,"href":"https:\/\/www.mejoratudeuda.es\/en\/wp-json\/wp\/v2\/pages\/1117\/revisions\/1162"}],"wp:featuredmedia":[{"embeddable":true,"href":"https:\/\/www.mejoratudeuda.es\/en\/wp-json\/wp\/v2\/media\/1126"}],"wp:attachment":[{"href":"https:\/\/www.mejoratudeuda.es\/en\/wp-json\/wp\/v2\/media?parent=1117"}],"curies":[{"name":"wp","href":"https:\/\/api.w.org\/{rel}","templated":true}]}}